{"id":1601,"date":"2022-01-12T18:53:41","date_gmt":"2022-01-12T16:53:41","guid":{"rendered":"https:\/\/baocreciendo.com\/equs\/?page_id=1601"},"modified":"2024-01-05T11:10:38","modified_gmt":"2024-01-05T10:10:38","slug":"last-news","status":"publish","type":"page","link":"https:\/\/equspaddock.com\/en\/last-news\/","title":{"rendered":"News"},"content":{"rendered":"\t\t<div data-elementor-type=\"wp-page\" data-elementor-id=\"1601\" class=\"elementor elementor-1601 elementor-1581\" data-elementor-post-type=\"page\">\n\t\t\t\t\t\t<section class=\"elementor-section elementor-top-section elementor-element elementor-element-5fe304d elementor-section-boxed elementor-section-height-default elementor-section-height-default elementor-invisible\" data-id=\"5fe304d\" data-element_type=\"section\" data-e-type=\"section\" data-settings=\"{&quot;background_background&quot;:&quot;classic&quot;,&quot;animation&quot;:&quot;fadeInLeft&quot;}\">\n\t\t\t\t\t\t<div class=\"elementor-container elementor-column-gap-default\">\n\t\t\t\t\t<div class=\"elementor-column elementor-col-100 elementor-top-column elementor-element elementor-element-c1bc908\" data-id=\"c1bc908\" data-element_type=\"column\" data-e-type=\"column\">\n\t\t\t<div class=\"elementor-widget-wrap elementor-element-populated\">\n\t\t\t\t\t\t<div class=\"elementor-element elementor-element-0e71492 elementor-widget elementor-widget-heading\" data-id=\"0e71492\" data-element_type=\"widget\" data-e-type=\"widget\" data-widget_type=\"heading.default\">\n\t\t\t\t<div class=\"elementor-widget-container\">\n\t\t\t\t\t<h1 class=\"elementor-heading-title elementor-size-default\">LAST NEWS<\/h1>\t\t\t\t<\/div>\n\t\t\t\t<\/div>\n\t\t\t\t\t<\/div>\n\t\t<\/div>\n\t\t\t\t\t<\/div>\n\t\t<\/section>\n\t\t\t\t<section class=\"elementor-section elementor-top-section elementor-element elementor-element-daf0022 elementor-section-boxed elementor-section-height-default elementor-section-height-default\" data-id=\"daf0022\" data-element_type=\"section\" data-e-type=\"section\">\n\t\t\t\t\t\t<div class=\"elementor-container elementor-column-gap-default\">\n\t\t\t\t\t<div class=\"elementor-column elementor-col-100 elementor-top-column elementor-element elementor-element-cd11503\" data-id=\"cd11503\" data-element_type=\"column\" data-e-type=\"column\">\n\t\t\t<div class=\"elementor-widget-wrap elementor-element-populated\">\n\t\t\t\t\t\t<div class=\"elementor-element elementor-element-fa45abb elementor-grid-3 elementor-grid-tablet-2 elementor-grid-mobile-1 elementor-posts--thumbnail-top load-more-align-center elementor-widget elementor-widget-posts\" data-id=\"fa45abb\" data-element_type=\"widget\" data-e-type=\"widget\" data-settings=\"{&quot;pagination_type&quot;:&quot;load_more_on_click&quot;,&quot;classic_columns&quot;:&quot;3&quot;,&quot;classic_columns_tablet&quot;:&quot;2&quot;,&quot;classic_columns_mobile&quot;:&quot;1&quot;,&quot;classic_row_gap&quot;:{&quot;unit&quot;:&quot;px&quot;,&quot;size&quot;:35,&quot;sizes&quot;:[]},&quot;classic_row_gap_tablet&quot;:{&quot;unit&quot;:&quot;px&quot;,&quot;size&quot;:&quot;&quot;,&quot;sizes&quot;:[]},&quot;classic_row_gap_mobile&quot;:{&quot;unit&quot;:&quot;px&quot;,&quot;size&quot;:&quot;&quot;,&quot;sizes&quot;:[]},&quot;load_more_spinner&quot;:{&quot;value&quot;:&quot;fas fa-spinner&quot;,&quot;library&quot;:&quot;fa-solid&quot;}}\" data-widget_type=\"posts.classic\">\n\t\t\t\t<div class=\"elementor-widget-container\">\n\t\t\t\t\t\t\t<div class=\"elementor-posts-container elementor-posts elementor-posts--skin-classic elementor-grid\" role=\"list\">\n\t\t\t\t<article class=\"elementor-post elementor-grid-item post-5171 post type-post status-publish format-standard has-post-thumbnail hentry category-events\" role=\"listitem\">\n\t\t\t\t<a class=\"elementor-post__thumbnail__link\" href=\"https:\/\/equspaddock.com\/en\/julia-alvarez-and-vincenzo-bcn-win-the-national-dressage-league-at-the-rcpb\/\" tabindex=\"-1\" >\n\t\t\t<div class=\"elementor-post__thumbnail\"><img fetchpriority=\"high\" decoding=\"async\" width=\"1450\" height=\"1073\" src=\"https:\/\/equspaddock.com\/wp-content\/uploads\/Julia-Alvarez-con-Vincenzo-BCN.jpg\" class=\"attachment-medium size-medium wp-image-5169\" alt=\"Julia-Alvarez-con-Vincenzo-BCN\" title=\"\" srcset=\"https:\/\/equspaddock.com\/wp-content\/uploads\/Julia-Alvarez-con-Vincenzo-BCN.jpg 1450w, https:\/\/equspaddock.com\/wp-content\/uploads\/Julia-Alvarez-con-Vincenzo-BCN-768x568.jpg 768w, https:\/\/equspaddock.com\/wp-content\/uploads\/Julia-Alvarez-con-Vincenzo-BCN-510x377.jpg 510w\" sizes=\"(max-width: 1450px) 100vw, 1450px\" \/><\/div>\n\t\t<\/a>\n\t\t\t\t<div class=\"elementor-post__text\">\n\t\t\t\t<h3 class=\"elementor-post__title\">\n\t\t\t<a href=\"https:\/\/equspaddock.com\/en\/julia-alvarez-and-vincenzo-bcn-win-the-national-dressage-league-at-the-rcpb\/\" >\n\t\t\t\tJulia \u00c1lvarez and Vincenzo BCN win the national dressage league at the RCPB\t\t\t<\/a>\n\t\t<\/h3>\n\t\t\t\t<div class=\"elementor-post__meta-data\">\n\t\t\t\t\t<span class=\"elementor-post-date\">\n\t\t\t7 March, 2024\t\t<\/span>\n\t\t\t\t<\/div>\n\t\t\n\t\t<a class=\"elementor-post__read-more\" href=\"https:\/\/equspaddock.com\/en\/julia-alvarez-and-vincenzo-bcn-win-the-national-dressage-league-at-the-rcpb\/\" aria-label=\"Read more about Julia \u00c1lvarez and Vincenzo BCN win the national dressage league at the RCPB\" tabindex=\"-1\" >\n\t\t\tRead more \u00bb\t\t<\/a>\n\n\t\t\t\t<\/div>\n\t\t\t\t<\/article>\n\t\t\t\t<article class=\"elementor-post elementor-grid-item post-5042 post type-post status-publish format-standard has-post-thumbnail hentry category-events\" role=\"listitem\">\n\t\t\t\t<a class=\"elementor-post__thumbnail__link\" href=\"https:\/\/equspaddock.com\/en\/santa-susanna-2024-an-international-raid-of-success-and-equestrian-talent\/\" tabindex=\"-1\" >\n\t\t\t<div class=\"elementor-post__thumbnail\"><img decoding=\"async\" width=\"800\" height=\"533\" src=\"https:\/\/equspaddock.com\/wp-content\/uploads\/raid_sussana_2023_Santa-Susanna-2024.jpg\" class=\"attachment-medium size-medium wp-image-5040\" alt=\"Santa Susanna 2024\" title=\"\" srcset=\"https:\/\/equspaddock.com\/wp-content\/uploads\/raid_sussana_2023_Santa-Susanna-2024.jpg 800w, https:\/\/equspaddock.com\/wp-content\/uploads\/raid_sussana_2023_Santa-Susanna-2024-768x512.jpg 768w, https:\/\/equspaddock.com\/wp-content\/uploads\/raid_sussana_2023_Santa-Susanna-2024-510x340.jpg 510w\" sizes=\"(max-width: 800px) 100vw, 800px\" \/><\/div>\n\t\t<\/a>\n\t\t\t\t<div class=\"elementor-post__text\">\n\t\t\t\t<h3 class=\"elementor-post__title\">\n\t\t\t<a href=\"https:\/\/equspaddock.com\/en\/santa-susanna-2024-an-international-raid-of-success-and-equestrian-talent\/\" >\n\t\t\t\tSanta Susanna 2024: An International Raid of Success and Equestrian Talent\t\t\t<\/a>\n\t\t<\/h3>\n\t\t\t\t<div class=\"elementor-post__meta-data\">\n\t\t\t\t\t<span class=\"elementor-post-date\">\n\t\t\t5 January, 2024\t\t<\/span>\n\t\t\t\t<\/div>\n\t\t\n\t\t<a class=\"elementor-post__read-more\" href=\"https:\/\/equspaddock.com\/en\/santa-susanna-2024-an-international-raid-of-success-and-equestrian-talent\/\" aria-label=\"Read more about Santa Susanna 2024: An International Raid of Success and Equestrian Talent\" tabindex=\"-1\" >\n\t\t\tRead more \u00bb\t\t<\/a>\n\n\t\t\t\t<\/div>\n\t\t\t\t<\/article>\n\t\t\t\t<article class=\"elementor-post elementor-grid-item post-4804 post type-post status-publish format-standard has-post-thumbnail hentry category-events\" role=\"listitem\">\n\t\t\t\t<a class=\"elementor-post__thumbnail__link\" href=\"https:\/\/equspaddock.com\/en\/spanish-young-horse-dressage-championships-2023\/\" tabindex=\"-1\" >\n\t\t\t<div class=\"elementor-post__thumbnail\"><img decoding=\"async\" width=\"900\" height=\"579\" src=\"https:\/\/equspaddock.com\/wp-content\/uploads\/Campeonato-de-Espana-de-Doma-Clasica-de-Caballos-Jovenes-2023.jpg\" class=\"attachment-medium size-medium wp-image-4803\" alt=\"Campeonato de Espa\u00f1a de Doma Cl\u00e1sica de Caballos J\u00f3venes 2023\" title=\"\" srcset=\"https:\/\/equspaddock.com\/wp-content\/uploads\/Campeonato-de-Espana-de-Doma-Clasica-de-Caballos-Jovenes-2023.jpg 900w, https:\/\/equspaddock.com\/wp-content\/uploads\/Campeonato-de-Espana-de-Doma-Clasica-de-Caballos-Jovenes-2023-510x328.jpg 510w, https:\/\/equspaddock.com\/wp-content\/uploads\/Campeonato-de-Espana-de-Doma-Clasica-de-Caballos-Jovenes-2023-768x494.jpg 768w\" sizes=\"(max-width: 900px) 100vw, 900px\" \/><\/div>\n\t\t<\/a>\n\t\t\t\t<div class=\"elementor-post__text\">\n\t\t\t\t<h3 class=\"elementor-post__title\">\n\t\t\t<a href=\"https:\/\/equspaddock.com\/en\/spanish-young-horse-dressage-championships-2023\/\" >\n\t\t\t\tSpanish Young Horse Dressage Championships 2023\t\t\t<\/a>\n\t\t<\/h3>\n\t\t\t\t<div class=\"elementor-post__meta-data\">\n\t\t\t\t\t<span class=\"elementor-post-date\">\n\t\t\t6 September, 2023\t\t<\/span>\n\t\t\t\t<\/div>\n\t\t\n\t\t<a class=\"elementor-post__read-more\" href=\"https:\/\/equspaddock.com\/en\/spanish-young-horse-dressage-championships-2023\/\" aria-label=\"Read more about Spanish Young Horse Dressage Championships 2023\" tabindex=\"-1\" >\n\t\t\tRead more \u00bb\t\t<\/a>\n\n\t\t\t\t<\/div>\n\t\t\t\t<\/article>\n\t\t\t\t<article class=\"elementor-post elementor-grid-item post-4562 post type-post status-publish format-standard has-post-thumbnail hentry category-events\" role=\"listitem\">\n\t\t\t\t<a class=\"elementor-post__thumbnail__link\" href=\"https:\/\/equspaddock.com\/en\/jumping-competitions-in-spain-in-summer-2023\/\" tabindex=\"-1\" >\n\t\t\t<div class=\"elementor-post__thumbnail\"><img loading=\"lazy\" decoding=\"async\" width=\"1000\" height=\"666\" src=\"https:\/\/equspaddock.com\/wp-content\/uploads\/Concursos-de-salto-en-Espana-en-el-verano-de-2023-e1689856746960.jpg\" class=\"attachment-medium size-medium wp-image-4560\" alt=\"Concursos de salto en Espa\u00f1a en el verano de 2023\" title=\"\" srcset=\"https:\/\/equspaddock.com\/wp-content\/uploads\/Concursos-de-salto-en-Espana-en-el-verano-de-2023-e1689856746960.jpg 1000w, https:\/\/equspaddock.com\/wp-content\/uploads\/Concursos-de-salto-en-Espana-en-el-verano-de-2023-e1689856746960-510x340.jpg 510w\" sizes=\"(max-width: 1000px) 100vw, 1000px\" \/><\/div>\n\t\t<\/a>\n\t\t\t\t<div class=\"elementor-post__text\">\n\t\t\t\t<h3 class=\"elementor-post__title\">\n\t\t\t<a href=\"https:\/\/equspaddock.com\/en\/jumping-competitions-in-spain-in-summer-2023\/\" >\n\t\t\t\tJumping competitions in Spain in Summer 2023\t\t\t<\/a>\n\t\t<\/h3>\n\t\t\t\t<div class=\"elementor-post__meta-data\">\n\t\t\t\t\t<span class=\"elementor-post-date\">\n\t\t\t20 July, 2023\t\t<\/span>\n\t\t\t\t<\/div>\n\t\t\n\t\t<a class=\"elementor-post__read-more\" href=\"https:\/\/equspaddock.com\/en\/jumping-competitions-in-spain-in-summer-2023\/\" aria-label=\"Read more about Jumping competitions in Spain in Summer 2023\" tabindex=\"-1\" >\n\t\t\tRead more \u00bb\t\t<\/a>\n\n\t\t\t\t<\/div>\n\t\t\t\t<\/article>\n\t\t\t\t<article class=\"elementor-post elementor-grid-item post-4826 post type-post status-publish format-standard has-post-thumbnail hentry category-events\" role=\"listitem\">\n\t\t\t\t<a class=\"elementor-post__thumbnail__link\" href=\"https:\/\/equspaddock.com\/en\/spain-at-csi-5-casas-novas\/\" tabindex=\"-1\" >\n\t\t\t<div class=\"elementor-post__thumbnail\"><img loading=\"lazy\" decoding=\"async\" width=\"820\" height=\"539\" src=\"https:\/\/equspaddock.com\/wp-content\/uploads\/csi-5-concurso-de-saltos-internacional.jpg\" class=\"attachment-medium size-medium wp-image-4713\" alt=\"csi-5-concurso-de-saltos-internacional\" title=\"\" srcset=\"https:\/\/equspaddock.com\/wp-content\/uploads\/csi-5-concurso-de-saltos-internacional.jpg 820w, https:\/\/equspaddock.com\/wp-content\/uploads\/csi-5-concurso-de-saltos-internacional-510x335.jpg 510w, https:\/\/equspaddock.com\/wp-content\/uploads\/csi-5-concurso-de-saltos-internacional-768x505.jpg 768w\" sizes=\"(max-width: 820px) 100vw, 820px\" \/><\/div>\n\t\t<\/a>\n\t\t\t\t<div class=\"elementor-post__text\">\n\t\t\t\t<h3 class=\"elementor-post__title\">\n\t\t\t<a href=\"https:\/\/equspaddock.com\/en\/spain-at-csi-5-casas-novas\/\" >\n\t\t\t\tSpain at CSI 5* Casas Novas\t\t\t<\/a>\n\t\t<\/h3>\n\t\t\t\t<div class=\"elementor-post__meta-data\">\n\t\t\t\t\t<span class=\"elementor-post-date\">\n\t\t\t6 July, 2023\t\t<\/span>\n\t\t\t\t<\/div>\n\t\t\n\t\t<a class=\"elementor-post__read-more\" href=\"https:\/\/equspaddock.com\/en\/spain-at-csi-5-casas-novas\/\" aria-label=\"Read more about Spain at CSI 5* Casas Novas\" tabindex=\"-1\" >\n\t\t\tRead more \u00bb\t\t<\/a>\n\n\t\t\t\t<\/div>\n\t\t\t\t<\/article>\n\t\t\t\t<article class=\"elementor-post elementor-grid-item post-4533 post type-post status-publish format-standard has-post-thumbnail hentry category-events\" role=\"listitem\">\n\t\t\t\t<a class=\"elementor-post__thumbnail__link\" href=\"https:\/\/equspaddock.com\/en\/the-spanish-paralympic-dressage-championships-2023-come-to-an-end\/\" tabindex=\"-1\" >\n\t\t\t<div class=\"elementor-post__thumbnail\"><img loading=\"lazy\" decoding=\"async\" width=\"696\" height=\"464\" src=\"https:\/\/equspaddock.com\/wp-content\/uploads\/Campeonato-de-Espana-Absoluto-de-Doma-Clasica-2023.jpg\" class=\"attachment-medium size-medium wp-image-4531\" alt=\"Campeonato de Espa\u00f1a Absoluto de Doma Cl\u00e1sica 2023\" title=\"\" srcset=\"https:\/\/equspaddock.com\/wp-content\/uploads\/Campeonato-de-Espana-Absoluto-de-Doma-Clasica-2023.jpg 696w, https:\/\/equspaddock.com\/wp-content\/uploads\/Campeonato-de-Espana-Absoluto-de-Doma-Clasica-2023-510x340.jpg 510w\" sizes=\"(max-width: 696px) 100vw, 696px\" \/><\/div>\n\t\t<\/a>\n\t\t\t\t<div class=\"elementor-post__text\">\n\t\t\t\t<h3 class=\"elementor-post__title\">\n\t\t\t<a href=\"https:\/\/equspaddock.com\/en\/the-spanish-paralympic-dressage-championships-2023-come-to-an-end\/\" >\n\t\t\t\tThe Spanish Paralympic Dressage Championships 2023 come to an end\t\t\t<\/a>\n\t\t<\/h3>\n\t\t\t\t<div class=\"elementor-post__meta-data\">\n\t\t\t\t\t<span class=\"elementor-post-date\">\n\t\t\t13 June, 2023\t\t<\/span>\n\t\t\t\t<\/div>\n\t\t\n\t\t<a class=\"elementor-post__read-more\" href=\"https:\/\/equspaddock.com\/en\/the-spanish-paralympic-dressage-championships-2023-come-to-an-end\/\" aria-label=\"Read more about The Spanish Paralympic Dressage Championships 2023 come to an end\" tabindex=\"-1\" >\n\t\t\tRead more \u00bb\t\t<\/a>\n\n\t\t\t\t<\/div>\n\t\t\t\t<\/article>\n\t\t\t\t<article class=\"elementor-post elementor-grid-item post-4542 post type-post status-publish format-standard has-post-thumbnail hentry category-events\" role=\"listitem\">\n\t\t\t\t<a class=\"elementor-post__thumbnail__link\" href=\"https:\/\/equspaddock.com\/en\/equestrian-events-calendar-for-june\/\" tabindex=\"-1\" >\n\t\t\t<div class=\"elementor-post__thumbnail\"><img loading=\"lazy\" decoding=\"async\" width=\"800\" height=\"600\" src=\"https:\/\/equspaddock.com\/wp-content\/uploads\/calendario-junio-2023-hipica-espana.jpg\" class=\"attachment-medium size-medium wp-image-4540\" alt=\"calendario junio 2023 hipica espa\u00f1a\" title=\"\" srcset=\"https:\/\/equspaddock.com\/wp-content\/uploads\/calendario-junio-2023-hipica-espana.jpg 800w, https:\/\/equspaddock.com\/wp-content\/uploads\/calendario-junio-2023-hipica-espana-510x383.jpg 510w, https:\/\/equspaddock.com\/wp-content\/uploads\/calendario-junio-2023-hipica-espana-768x576.jpg 768w\" sizes=\"(max-width: 800px) 100vw, 800px\" \/><\/div>\n\t\t<\/a>\n\t\t\t\t<div class=\"elementor-post__text\">\n\t\t\t\t<h3 class=\"elementor-post__title\">\n\t\t\t<a href=\"https:\/\/equspaddock.com\/en\/equestrian-events-calendar-for-june\/\" >\n\t\t\t\tEquestrian events calendar for June\t\t\t<\/a>\n\t\t<\/h3>\n\t\t\t\t<div class=\"elementor-post__meta-data\">\n\t\t\t\t\t<span class=\"elementor-post-date\">\n\t\t\t1 June, 2023\t\t<\/span>\n\t\t\t\t<\/div>\n\t\t\n\t\t<a class=\"elementor-post__read-more\" href=\"https:\/\/equspaddock.com\/en\/equestrian-events-calendar-for-june\/\" aria-label=\"Read more about Equestrian events calendar for June\" tabindex=\"-1\" >\n\t\t\tRead more \u00bb\t\t<\/a>\n\n\t\t\t\t<\/div>\n\t\t\t\t<\/article>\n\t\t\t\t<article class=\"elementor-post elementor-grid-item post-2719 post type-post status-publish format-standard has-post-thumbnail hentry category-events\" role=\"listitem\">\n\t\t\t\t<a class=\"elementor-post__thumbnail__link\" href=\"https:\/\/equspaddock.com\/en\/equspaddock-at-sicab-2019\/\" tabindex=\"-1\" >\n\t\t\t<div class=\"elementor-post__thumbnail\"><img loading=\"lazy\" decoding=\"async\" width=\"1200\" height=\"628\" src=\"https:\/\/equspaddock.com\/wp-content\/uploads\/sICAB-2019-PABELLON-eng.jpg\" class=\"attachment-medium size-medium wp-image-2721\" alt=\"\" title=\"\" srcset=\"https:\/\/equspaddock.com\/wp-content\/uploads\/sICAB-2019-PABELLON-eng.jpg 1200w, https:\/\/equspaddock.com\/wp-content\/uploads\/sICAB-2019-PABELLON-eng-510x267.jpg 510w, https:\/\/equspaddock.com\/wp-content\/uploads\/sICAB-2019-PABELLON-eng-768x402.jpg 768w, https:\/\/equspaddock.com\/wp-content\/uploads\/sICAB-2019-PABELLON-eng-400x209.jpg 400w, https:\/\/equspaddock.com\/wp-content\/uploads\/sICAB-2019-PABELLON-eng-800x419.jpg 800w\" sizes=\"(max-width: 1200px) 100vw, 1200px\" \/><\/div>\n\t\t<\/a>\n\t\t\t\t<div class=\"elementor-post__text\">\n\t\t\t\t<h3 class=\"elementor-post__title\">\n\t\t\t<a href=\"https:\/\/equspaddock.com\/en\/equspaddock-at-sicab-2019\/\" >\n\t\t\t\tEquspaddock at Sicab 2019\t\t\t<\/a>\n\t\t<\/h3>\n\t\t\t\t<div class=\"elementor-post__meta-data\">\n\t\t\t\t\t<span class=\"elementor-post-date\">\n\t\t\t24 March, 2022\t\t<\/span>\n\t\t\t\t<\/div>\n\t\t\n\t\t<a class=\"elementor-post__read-more\" href=\"https:\/\/equspaddock.com\/en\/equspaddock-at-sicab-2019\/\" aria-label=\"Read more about Equspaddock at Sicab 2019\" tabindex=\"-1\" >\n\t\t\tRead more \u00bb\t\t<\/a>\n\n\t\t\t\t<\/div>\n\t\t\t\t<\/article>\n\t\t\t\t<article class=\"elementor-post elementor-grid-item post-2863 post type-post status-publish format-standard has-post-thumbnail hentry category-events\" role=\"listitem\">\n\t\t\t\t<a class=\"elementor-post__thumbnail__link\" href=\"https:\/\/equspaddock.com\/en\/equspaddock-at-madrid-horse-week-2019\/\" tabindex=\"-1\" >\n\t\t\t<div class=\"elementor-post__thumbnail\"><img loading=\"lazy\" decoding=\"async\" width=\"1200\" height=\"628\" src=\"https:\/\/equspaddock.com\/wp-content\/uploads\/madridhorseweek-2019.jpg\" class=\"attachment-medium size-medium wp-image-1176\" alt=\"\" title=\"\" srcset=\"https:\/\/equspaddock.com\/wp-content\/uploads\/madridhorseweek-2019.jpg 1200w, https:\/\/equspaddock.com\/wp-content\/uploads\/madridhorseweek-2019-510x267.jpg 510w, https:\/\/equspaddock.com\/wp-content\/uploads\/madridhorseweek-2019-768x402.jpg 768w, https:\/\/equspaddock.com\/wp-content\/uploads\/madridhorseweek-2019-400x209.jpg 400w, https:\/\/equspaddock.com\/wp-content\/uploads\/madridhorseweek-2019-800x419.jpg 800w\" sizes=\"(max-width: 1200px) 100vw, 1200px\" \/><\/div>\n\t\t<\/a>\n\t\t\t\t<div class=\"elementor-post__text\">\n\t\t\t\t<h3 class=\"elementor-post__title\">\n\t\t\t<a href=\"https:\/\/equspaddock.com\/en\/equspaddock-at-madrid-horse-week-2019\/\" >\n\t\t\t\tEquspaddock at Madrid Horse Week 2019\t\t\t<\/a>\n\t\t<\/h3>\n\t\t\t\t<div class=\"elementor-post__meta-data\">\n\t\t\t\t\t<span class=\"elementor-post-date\">\n\t\t\t15 November, 2020\t\t<\/span>\n\t\t\t\t<\/div>\n\t\t\n\t\t<a class=\"elementor-post__read-more\" href=\"https:\/\/equspaddock.com\/en\/equspaddock-at-madrid-horse-week-2019\/\" aria-label=\"Read more about Equspaddock at Madrid Horse Week 2019\" tabindex=\"-1\" >\n\t\t\tRead more \u00bb\t\t<\/a>\n\n\t\t\t\t<\/div>\n\t\t\t\t<\/article>\n\t\t\t\t<\/div>\n\t\t\t\t\t<span class=\"e-load-more-spinner\">\n\t\t\t\t<i aria-hidden=\"true\" class=\"fas fa-spinner\"><\/i>\t\t\t<\/span>\n\t\t\n\t\t\t\t\t\t<\/div>\n\t\t\t\t<\/div>\n\t\t\t\t\t<\/div>\n\t\t<\/div>\n\t\t\t\t\t<\/div>\n\t\t<\/section>\n\t\t\t\t<\/div>\n\t\t","protected":false},"excerpt":{"rendered":"<p>LAST NEWS<\/p>\n","protected":false},"author":2,"featured_media":0,"parent":0,"menu_order":0,"comment_status":"closed","ping_status":"closed","template":"","meta":{"footnotes":""},"class_list":["post-1601","page","type-page","status-publish","hentry"],"_links":{"self":[{"href":"https:\/\/equspaddock.com\/en\/wp-json\/wp\/v2\/pages\/1601","targetHints":{"allow":["GET"]}}],"collection":[{"href":"https:\/\/equspaddock.com\/en\/wp-json\/wp\/v2\/pages"}],"about":[{"href":"https:\/\/equspaddock.com\/en\/wp-json\/wp\/v2\/types\/page"}],"author":[{"embeddable":true,"href":"https:\/\/equspaddock.com\/en\/wp-json\/wp\/v2\/users\/2"}],"replies":[{"embeddable":true,"href":"https:\/\/equspaddock.com\/en\/wp-json\/wp\/v2\/comments?post=1601"}],"version-history":[{"count":15,"href":"https:\/\/equspaddock.com\/en\/wp-json\/wp\/v2\/pages\/1601\/revisions"}],"predecessor-version":[{"id":5015,"href":"https:\/\/equspaddock.com\/en\/wp-json\/wp\/v2\/pages\/1601\/revisions\/5015"}],"wp:attachment":[{"href":"https:\/\/equspaddock.com\/en\/wp-json\/wp\/v2\/media?parent=1601"}],"curies":[{"name":"wp","href":"https:\/\/api.w.org\/{rel}","templated":true}]}}