{"id":1689,"date":"2022-01-12T19:43:48","date_gmt":"2022-01-12T18:43:48","guid":{"rendered":"https:\/\/baocreciendo.com\/equs\/?page_id=1689"},"modified":"2023-04-11T17:43:02","modified_gmt":"2023-04-11T15:43:02","slug":"politica-de-cookies","status":"publish","type":"page","link":"https:\/\/equspaddock.com\/en\/politica-de-cookies\/","title":{"rendered":"POL\u00cdTICA DE COOKIES"},"content":{"rendered":"<header class=\"entry-header\">\n<h1><\/h1>\n<h1 class=\"entry-title\"><strong>Pol\u00edtica de Cookies<\/strong><\/h1>\n<\/header>\n<div class=\"entry-content\">\n<div class=\"entry-wrap\">\n<div class=\"entry-content content\">\n<div id=\"ing-content-band-1\" class=\"ing-content-band vc\">\n<div class=\"ing-container-fluid max width\">\n<div class=\"ing-column vc whole\">\n<div>\n<p>Una\u00a0<em>cookie<\/em>\u00a0es un peque\u00f1o fichero de texto que se almacena en su navegador cuando visita casi cualquier p\u00e1gina web. Su utilidad es que la web sea capaz de recordar su visita cuando vuelva a navegar por esa p\u00e1gina. Las\u00a0<em>cookies<\/em>\u00a0suelen almacenar informaci\u00f3n de car\u00e1cter t\u00e9cnico, preferencias personales, personalizaci\u00f3n de contenidos, estad\u00edsticas de uso, enlaces a redes sociales, acceso a cuentas de usuario, etc. El objetivo de la\u00a0<em>cookie<\/em>\u00a0es adaptar el contenido de la web a su perfil y necesidades, sin\u00a0<em>cookies<\/em>\u00a0los servicios ofrecidos por cualquier p\u00e1gina se ver\u00edan mermados notablemente.<\/p>\n<h2>Cookies utilizadas en este sitio web<\/h2>\n<p>Siguiendo las directrices de la Agencia Espa\u00f1ola de Protecci\u00f3n de Datos procedemos a detallar el uso de\u00a0<em>cookies<\/em>\u00a0que hace esta web con el fin de informarle con la m\u00e1xima exactitud posible.<\/p>\n<p>Este sitio web utiliza las siguientes\u00a0<strong>cookies propias<\/strong>:<\/p>\n<ul>\n<li>Cookies de sesi\u00f3n, para garantizar que los usuarios que escriban comentarios en el blog sean humanos y no aplicaciones automatizadas. De esta forma se combate el\u00a0<em>spam<\/em>.<\/li>\n<\/ul>\n<p>Este sitio web utiliza las siguientes\u00a0<strong>cookies de terceros<\/strong>:<\/p>\n<ul>\n<li>Google Analytics: Almacena\u00a0<em>cookies<\/em>\u00a0para poder elaborar estad\u00edsticas sobre el tr\u00e1fico y volumen de visitas de esta web. Al utilizar este sitio web est\u00e1 consintiendo el tratamiento de informaci\u00f3n acerca de usted por Google. Por tanto, el ejercicio de cualquier derecho en este sentido deber\u00e1 hacerlo comunicando directamente con Google.<\/li>\n<li>Redes sociales: Cada red social utiliza sus propias\u00a0<em>cookies<\/em>\u00a0para que usted pueda pinchar en botones del tipo\u00a0<em>Me gusta<\/em>\u00a0o\u00a0<em>Compartir<\/em>.<\/li>\n<\/ul>\n<h2>Desactivaci\u00f3n o eliminaci\u00f3n de cookies<\/h2>\n<p>En cualquier momento podr\u00e1 ejercer su derecho de desactivaci\u00f3n o eliminaci\u00f3n de cookies de este sitio web. Estas acciones se realizan de forma diferente en funci\u00f3n del navegador que est\u00e9 usando. Todos los navegadores de Internet le permiten limitar el comportamiento de una cookie o desactivar las cookies dentro de la configuraci\u00f3n o las opciones del navegador. Los pasos para hacerlo son diferentes para cada navegador, se pueden encontrar instrucciones en el men\u00fa de ayuda de su navegador.<\/p>\n<\/div>\n<div class=\"row marcoLiso texto\">\n<p>Si no acepta el uso de las cookies, ya que es posible gracias a los men\u00fas de preferencias o ajustes de su navegador, rechazarlas, este sitio Web seguir\u00e1 funcionando adecuadamente sin el uso de las mismas.<\/p>\n<p>Puede usted permitir, bloquear o eliminar las cookies instaladas en su equipo mediante la configuraci\u00f3n de las opciones del navegador instalado en su ordenador:<\/p>\n<ul>\n<li>Para m\u00e1s informaci\u00f3n sobre<strong> Internet Explorer<\/strong> <a href=\"http:\/\/windows.microsoft.com\/es-es\/windows7\/how-to-manage-cookies-in-internet-explorer-9\" rel=\"nofollow noopener\" target=\"_blank\">pulse aqu\u00ed<\/a> o como bloquear, habilitar o permitir las cookies <a href=\"http:\/\/windows.microsoft.com\/es-es\/windows7\/how-to-manage-cookies-in-internet-explorer-9\" rel=\"nofollow noopener\" target=\"_blank\">pulse aqu\u00ed<\/a>.<\/li>\n<li>Para m\u00e1s informaci\u00f3n sobre <strong>Chrome<\/strong> <a href=\"https:\/\/support.google.com\/chrome\/answer\/95647?hl=es\" rel=\"nofollow noopener\" target=\"_blank\">pulse aqu\u00ed<\/a>.<\/li>\n<li>Para m\u00e1s informaci\u00f3n sobre <strong>Safari <\/strong><a href=\"http:\/\/support.apple.com\/kb\/HT1677?viewlocale=es_ES&amp;locale=es_ES\" rel=\"nofollow noopener\" target=\"_blank\">pulse aqu\u00ed.<\/a><\/li>\n<li>Para m\u00e1s informaci\u00f3n sobre <strong>Firefox <\/strong><a href=\"http:\/\/support.mozilla.org\/es\/kb\/habilitar-y-deshabilitar-cookies-que-los-sitios-we\" rel=\"nofollow noopener\" target=\"_blank\">pulse aqu\u00ed.<\/a><\/li>\n<\/ul>\n<p>A trav\u00e9s de su navegador, usted tambi\u00e9n puede ver las cookies que est\u00e1n en su ordenador, y borrarlas seg\u00fan crea conveniente. Las cookies son archivos de texto, los puede abrir y leer el contenido. Los datos dentro de ellos casi siempre est\u00e1 cifrado con una clave num\u00e9rica que corresponde a una sesi\u00f3n en Internet por lo que muchas veces no tiene sentido m\u00e1s all\u00e1 que la p\u00e1gina web que lo escribi\u00f3.<\/p>\n<\/div>\n<div>\n<h2>Notas adicionales<\/h2>\n<ul>\n<li>Ni esta web ni sus representantes legales se hacen responsables ni del contenido ni de la veracidad de las pol\u00edticas de privacidad que puedan tener los terceros mencionados en esta pol\u00edtica de\u00a0<em>cookies<\/em>.<\/li>\n<li>Los navegadores web son las herramientas encargadas de almacenar las\u00a0<em>cookies<\/em>\u00a0y desde este lugar debe efectuar su derecho a eliminaci\u00f3n o desactivaci\u00f3n de las mismas. Ni esta web ni sus representantes legales pueden garantizar la correcta o incorrecta manipulaci\u00f3n de las\u00a0<em>cookies<\/em>\u00a0por parte de los mencionados navegadores.<\/li>\n<li>En algunos casos es necesario instalar\u00a0<em>cookies<\/em>\u00a0para que el navegador no olvide su decisi\u00f3n de no aceptaci\u00f3n de las mismas.<\/li>\n<li>En el caso de las\u00a0<em>cookies<\/em>\u00a0de Google Analytics. Puedes consultar su Pol\u00edtica de Privacidad actual en este <a href=\"https:\/\/static.googleusercontent.com\/media\/www.google.es\/es\/es\/intl\/es\/policies\/privacy\/google_privacy_policy_es.pdf\" rel=\"nofollow noopener\" target=\"_blank\">enlace<\/a>. Si desea informaci\u00f3n sobre el uso que Google da a las cookies\u00a0<a href=\"https:\/\/developers.google.com\/analytics\/devguides\/collection\/analyticsjs\/cookie-usage?hl=es&amp;csw=1\" target=\"_blank\" rel=\"noopener noreferrer nofollow\">le adjuntamos este otro enlace<\/a>.<\/li>\n<li>Para cualquier duda o consulta acerca de esta pol\u00edtica de\u00a0<em>cookies<\/em>\u00a0no dude en comunicarse con nosotros a trav\u00e9s de la secci\u00f3n de contacto.<\/li>\n<\/ul>\n<\/div>\n<\/div>\n<\/div>\n<\/div>\n<\/div>\n<\/div>\n<\/div>\n","protected":false},"excerpt":{"rendered":"<p>Pol\u00edtica de Cookies Una\u00a0cookie\u00a0es un peque\u00f1o fichero de texto que se almacena en su navegador cuando visita casi cualquier p\u00e1gina web. Su utilidad es que la web sea capaz de recordar su visita cuando vuelva a navegar por esa p\u00e1gina. Las\u00a0cookies\u00a0suelen almacenar informaci\u00f3n de car\u00e1cter t\u00e9cnico, preferencias personales, personalizaci\u00f3n de contenidos, estad\u00edsticas de uso, enlaces [&#8230;]\n","protected":false},"author":2,"featured_media":0,"parent":0,"menu_order":0,"comment_status":"closed","ping_status":"closed","template":"","meta":{"footnotes":""},"class_list":["post-1689","page","type-page","status-publish","hentry"],"_links":{"self":[{"href":"https:\/\/equspaddock.com\/en\/wp-json\/wp\/v2\/pages\/1689","targetHints":{"allow":["GET"]}}],"collection":[{"href":"https:\/\/equspaddock.com\/en\/wp-json\/wp\/v2\/pages"}],"about":[{"href":"https:\/\/equspaddock.com\/en\/wp-json\/wp\/v2\/types\/page"}],"author":[{"embeddable":true,"href":"https:\/\/equspaddock.com\/en\/wp-json\/wp\/v2\/users\/2"}],"replies":[{"embeddable":true,"href":"https:\/\/equspaddock.com\/en\/wp-json\/wp\/v2\/comments?post=1689"}],"version-history":[{"count":1,"href":"https:\/\/equspaddock.com\/en\/wp-json\/wp\/v2\/pages\/1689\/revisions"}],"predecessor-version":[{"id":1694,"href":"https:\/\/equspaddock.com\/en\/wp-json\/wp\/v2\/pages\/1689\/revisions\/1694"}],"wp:attachment":[{"href":"https:\/\/equspaddock.com\/en\/wp-json\/wp\/v2\/media?parent=1689"}],"curies":[{"name":"wp","href":"https:\/\/api.w.org\/{rel}","templated":true}]}}